{"id":3812,"date":"2019-10-09T12:02:38","date_gmt":"2019-10-09T12:02:38","guid":{"rendered":"https:\/\/www.samhallssakerhet.se\/?page_id=3812"},"modified":"2025-09-15T13:40:57","modified_gmt":"2025-09-15T11:40:57","slug":"aktuellt","status":"publish","type":"page","link":"https:\/\/www.samhallssakerhet.se\/sv\/aktuellt\/","title":{"rendered":"Aktuellt"},"content":{"rendered":"\t\t<div data-elementor-type=\"wp-post\" data-elementor-id=\"3812\" class=\"elementor elementor-3812\" data-elementor-post-type=\"page\">\n\t\t\t\t\t\t<section class=\"elementor-section elementor-top-section elementor-element elementor-element-2b3bded elementor-section-boxed elementor-section-height-default elementor-section-height-default\" data-id=\"2b3bded\" data-element_type=\"section\">\n\t\t\t\t\t\t<div class=\"elementor-container elementor-column-gap-default\">\n\t\t\t\t\t<div class=\"elementor-column elementor-col-100 elementor-top-column elementor-element elementor-element-0100686\" data-id=\"0100686\" data-element_type=\"column\">\n\t\t\t<div class=\"elementor-widget-wrap elementor-element-populated\">\n\t\t\t\t\t\t<div class=\"elementor-element elementor-element-b2c9fb3 elementor-widget elementor-widget-image\" data-id=\"b2c9fb3\" data-element_type=\"widget\" data-widget_type=\"image.default\">\n\t\t\t\t<div class=\"elementor-widget-container\">\n\t\t\t\t\t\t\t\t\t\t\t\t\t\t\t<img decoding=\"async\" width=\"106\" height=\"84\" src=\"https:\/\/easyfairsassets.com\/sites\/139\/2025\/08\/Samsak-symbol-svart.png\" class=\"attachment-large size-large wp-image-48998\" alt=\"Symbol\" \/>\t\t\t\t\t\t\t\t\t\t\t\t\t\t\t<\/div>\n\t\t\t\t<\/div>\n\t\t\t\t<div class=\"elementor-element elementor-element-ae80ea3 elementor-widget elementor-widget-heading\" data-id=\"ae80ea3\" data-element_type=\"widget\" data-widget_type=\"heading.default\">\n\t\t\t\t<div class=\"elementor-widget-container\">\n\t\t\t\t\t<h1 class=\"elementor-heading-title elementor-size-default\">Nyheter<\/h1>\t\t\t\t<\/div>\n\t\t\t\t<\/div>\n\t\t\t\t<div class=\"elementor-element elementor-element-9eb4f53 elementor-widget elementor-widget-text-editor\" data-id=\"9eb4f53\" data-element_type=\"widget\" data-widget_type=\"text-editor.default\">\n\t\t\t\t<div class=\"elementor-widget-container\">\n\t\t\t\t\t\t\t\t\tSe de senaste nyheterna fr\u00e5n M\u00f6tesplats Samh\u00e4llss\u00e4kerhet nedan.\t\t\t\t\t\t\t\t<\/div>\n\t\t\t\t<\/div>\n\t\t\t\t\t<\/div>\n\t\t<\/div>\n\t\t\t\t\t<\/div>\n\t\t<\/section>\n\t\t\t\t<section class=\"elementor-section elementor-top-section elementor-element elementor-element-5a3a8f0 elementor-section-boxed elementor-section-height-default elementor-section-height-default\" data-id=\"5a3a8f0\" data-element_type=\"section\">\n\t\t\t\t\t\t<div class=\"elementor-container elementor-column-gap-default\">\n\t\t\t\t\t<div class=\"elementor-column elementor-col-100 elementor-top-column elementor-element elementor-element-d314683\" data-id=\"d314683\" data-element_type=\"column\">\n\t\t\t<div class=\"elementor-widget-wrap elementor-element-populated\">\n\t\t\t\t\t\t<div class=\"elementor-element elementor-element-0e22725 elementor-grid-3 elementor-grid-tablet-2 elementor-grid-mobile-1 elementor-posts--thumbnail-top elementor-card-shadow-yes elementor-posts__hover-gradient elementor-widget elementor-widget-posts\" data-id=\"0e22725\" data-element_type=\"widget\" data-settings=\"{&quot;pagination_type&quot;:&quot;numbers&quot;,&quot;cards_columns&quot;:&quot;3&quot;,&quot;cards_columns_tablet&quot;:&quot;2&quot;,&quot;cards_columns_mobile&quot;:&quot;1&quot;,&quot;cards_row_gap&quot;:{&quot;unit&quot;:&quot;px&quot;,&quot;size&quot;:35,&quot;sizes&quot;:[]},&quot;cards_row_gap_tablet&quot;:{&quot;unit&quot;:&quot;px&quot;,&quot;size&quot;:&quot;&quot;,&quot;sizes&quot;:[]},&quot;cards_row_gap_mobile&quot;:{&quot;unit&quot;:&quot;px&quot;,&quot;size&quot;:&quot;&quot;,&quot;sizes&quot;:[]}}\" data-widget_type=\"posts.cards\">\n\t\t\t\t<div class=\"elementor-widget-container\">\n\t\t\t\t\t\t\t<div class=\"elementor-posts-container elementor-posts elementor-posts--skin-cards elementor-grid\" role=\"list\">\n\t\t\t\t<article class=\"elementor-post elementor-grid-item post-51962 post type-post status-publish format-standard has-post-thumbnail hentry category-okategoriserad\" role=\"listitem\">\n\t\t\t<div class=\"elementor-post__card\">\n\t\t\t\t<a class=\"elementor-post__thumbnail__link\" href=\"https:\/\/www.samhallssakerhet.se\/sv\/2026\/03\/12\/utan-ideella-krafter-stannar-sverige-sar-sweden-visar-vad-samhallsnytta-betyder-i-praktiken\/\" tabindex=\"-1\" ><div class=\"elementor-post__thumbnail\"><img fetchpriority=\"high\" decoding=\"async\" width=\"485\" height=\"300\" src=\"https:\/\/easyfairsassets.com\/sites\/139\/2026\/03\/Blogg_SAR.png\" class=\"attachment-full size-full wp-image-51983\" alt=\"SAR\" srcset=\"https:\/\/easyfairsassets.com\/sites\/139\/2026\/03\/Blogg_SAR.png 485w, https:\/\/easyfairsassets.com\/sites\/139\/2026\/03\/Blogg_SAR-300x186.png 300w\" sizes=\"(max-width: 485px) 100vw, 485px\" \/><\/div><\/a>\n\t\t\t\t<div class=\"elementor-post__text\">\n\t\t\t\t<h3 class=\"elementor-post__title\">\n\t\t\t<a href=\"https:\/\/www.samhallssakerhet.se\/sv\/2026\/03\/12\/utan-ideella-krafter-stannar-sverige-sar-sweden-visar-vad-samhallsnytta-betyder-i-praktiken\/\" >\n\t\t\t\tUtan ideella krafter stannar Sverige \u2013 SAR Sweden visar vad samh\u00e4llsnytta betyder i praktiken\t\t\t<\/a>\n\t\t<\/h3>\n\t\t\t\t<div class=\"elementor-post__excerpt\">\n\t\t\t<p>Utan ideella krafter stannar Sverige SAR Sweden visar vad samh\u00e4llsnytta betyder i praktiken Inf\u00f6r M\u00f6tesplats Samh\u00e4llss\u00e4kerhet har vi tr\u00e4ffat Daniel Sandberg, grundare av SAR Sweden,<\/p>\n\t\t<\/div>\n\t\t\n\t\t<a class=\"elementor-post__read-more\" href=\"https:\/\/www.samhallssakerhet.se\/sv\/2026\/03\/12\/utan-ideella-krafter-stannar-sverige-sar-sweden-visar-vad-samhallsnytta-betyder-i-praktiken\/\" aria-label=\"Read more about Utan ideella krafter stannar Sverige \u2013 SAR Sweden visar vad samh\u00e4llsnytta betyder i praktiken\" tabindex=\"-1\" >\n\t\t\tL\u00e4s mer \u00bb\t\t<\/a>\n\n\t\t\t\t<\/div>\n\t\t\t\t<div class=\"elementor-post__meta-data\">\n\t\t\t\t\t<span class=\"elementor-post-date\">\n\t\t\t12 mars, 2026\t\t<\/span>\n\t\t\t\t<\/div>\n\t\t\t\t\t<\/div>\n\t\t<\/article>\n\t\t\t\t<article class=\"elementor-post elementor-grid-item post-51945 post type-post status-publish format-standard has-post-thumbnail hentry category-okategoriserad\" role=\"listitem\">\n\t\t\t<div class=\"elementor-post__card\">\n\t\t\t\t<a class=\"elementor-post__thumbnail__link\" href=\"https:\/\/www.samhallssakerhet.se\/sv\/2026\/03\/11\/elementor-51945\/\" tabindex=\"-1\" ><div class=\"elementor-post__thumbnail\"><img decoding=\"async\" width=\"485\" height=\"300\" src=\"https:\/\/easyfairsassets.com\/sites\/139\/2025\/10\/Blogg_Kultur-och-Kvalitet.png\" class=\"attachment-full size-full wp-image-51954\" alt=\"Kultur och Kvalitet\" srcset=\"https:\/\/easyfairsassets.com\/sites\/139\/2025\/10\/Blogg_Kultur-och-Kvalitet.png 485w, https:\/\/easyfairsassets.com\/sites\/139\/2025\/10\/Blogg_Kultur-och-Kvalitet-300x186.png 300w\" sizes=\"(max-width: 485px) 100vw, 485px\" \/><\/div><\/a>\n\t\t\t\t<div class=\"elementor-post__text\">\n\t\t\t\t<h3 class=\"elementor-post__title\">\n\t\t\t<a href=\"https:\/\/www.samhallssakerhet.se\/sv\/2026\/03\/11\/elementor-51945\/\" >\n\t\t\t\tM\u00f6t Kultur och Kvalitet p\u00e5 M\u00f6tesplats Samh\u00e4llss\u00e4kerhet 2026\t\t\t<\/a>\n\t\t<\/h3>\n\t\t\t\t<div class=\"elementor-post__excerpt\">\n\t\t\t<p>Intervju med Johanna Bergsten Kultur och Kvalitet &#8211; workshops med AVTRYCK Hur skapar vi ett tryggt samh\u00e4lle d\u00e4r alla verkligen f\u00e5r plats \u2013 ocks\u00e5 personer<\/p>\n\t\t<\/div>\n\t\t\n\t\t<a class=\"elementor-post__read-more\" href=\"https:\/\/www.samhallssakerhet.se\/sv\/2026\/03\/11\/elementor-51945\/\" aria-label=\"Read more about M\u00f6t Kultur och Kvalitet p\u00e5 M\u00f6tesplats Samh\u00e4llss\u00e4kerhet 2026\" tabindex=\"-1\" >\n\t\t\tL\u00e4s mer \u00bb\t\t<\/a>\n\n\t\t\t\t<\/div>\n\t\t\t\t<div class=\"elementor-post__meta-data\">\n\t\t\t\t\t<span class=\"elementor-post-date\">\n\t\t\t11 mars, 2026\t\t<\/span>\n\t\t\t\t<\/div>\n\t\t\t\t\t<\/div>\n\t\t<\/article>\n\t\t\t\t<article class=\"elementor-post elementor-grid-item post-51891 post type-post status-publish format-standard has-post-thumbnail hentry category-okategoriserad\" role=\"listitem\">\n\t\t\t<div class=\"elementor-post__card\">\n\t\t\t\t<a class=\"elementor-post__thumbnail__link\" href=\"https:\/\/www.samhallssakerhet.se\/sv\/2026\/03\/05\/krisledningspodden-blir-officiell-mediepartner-till-motesplats-samhallssakerhet-2026\/\" tabindex=\"-1\" ><div class=\"elementor-post__thumbnail\"><img loading=\"lazy\" decoding=\"async\" width=\"485\" height=\"300\" src=\"https:\/\/easyfairsassets.com\/sites\/139\/2026\/03\/Blogg_Krisledningspodden.png\" class=\"attachment-full size-full wp-image-51909\" alt=\"Krisledningspodden\" srcset=\"https:\/\/easyfairsassets.com\/sites\/139\/2026\/03\/Blogg_Krisledningspodden.png 485w, https:\/\/easyfairsassets.com\/sites\/139\/2026\/03\/Blogg_Krisledningspodden-300x186.png 300w\" sizes=\"(max-width: 485px) 100vw, 485px\" \/><\/div><\/a>\n\t\t\t\t<div class=\"elementor-post__text\">\n\t\t\t\t<h3 class=\"elementor-post__title\">\n\t\t\t<a href=\"https:\/\/www.samhallssakerhet.se\/sv\/2026\/03\/05\/krisledningspodden-blir-officiell-mediepartner-till-motesplats-samhallssakerhet-2026\/\" >\n\t\t\t\tKrisledningspodden blir officiell mediepartner till M\u00f6tesplats Samh\u00e4llss\u00e4kerhet 2026\t\t\t<\/a>\n\t\t<\/h3>\n\t\t\t\t<div class=\"elementor-post__excerpt\">\n\t\t\t<p>Murphy Solution &amp; Krisledningspodden &#8211; officiell mediepartner 2026 Vi \u00e4r glada att v\u00e4lkomna Krisledningspodden som officiell mediepartner till M\u00f6tesplats Samh\u00e4llss\u00e4kerhet 2026. Syftet med samarbetet \u00e4r<\/p>\n\t\t<\/div>\n\t\t\n\t\t<a class=\"elementor-post__read-more\" href=\"https:\/\/www.samhallssakerhet.se\/sv\/2026\/03\/05\/krisledningspodden-blir-officiell-mediepartner-till-motesplats-samhallssakerhet-2026\/\" aria-label=\"Read more about Krisledningspodden blir officiell mediepartner till M\u00f6tesplats Samh\u00e4llss\u00e4kerhet 2026\" tabindex=\"-1\" >\n\t\t\tL\u00e4s mer \u00bb\t\t<\/a>\n\n\t\t\t\t<\/div>\n\t\t\t\t<div class=\"elementor-post__meta-data\">\n\t\t\t\t\t<span class=\"elementor-post-date\">\n\t\t\t5 mars, 2026\t\t<\/span>\n\t\t\t\t<\/div>\n\t\t\t\t\t<\/div>\n\t\t<\/article>\n\t\t\t\t<article class=\"elementor-post elementor-grid-item post-51750 post type-post status-publish format-standard has-post-thumbnail hentry category-okategoriserad\" role=\"listitem\">\n\t\t\t<div class=\"elementor-post__card\">\n\t\t\t\t<a class=\"elementor-post__thumbnail__link\" href=\"https:\/\/www.samhallssakerhet.se\/sv\/2026\/02\/26\/mot-spectrawatch-utstallare-2026\/\" tabindex=\"-1\" ><div class=\"elementor-post__thumbnail\"><img loading=\"lazy\" decoding=\"async\" width=\"485\" height=\"300\" src=\"https:\/\/easyfairsassets.com\/sites\/139\/2026\/02\/Blogg_Spectrawatch.png\" class=\"attachment-full size-full wp-image-51753\" alt=\"\" srcset=\"https:\/\/easyfairsassets.com\/sites\/139\/2026\/02\/Blogg_Spectrawatch.png 485w, https:\/\/easyfairsassets.com\/sites\/139\/2026\/02\/Blogg_Spectrawatch-300x186.png 300w\" sizes=\"(max-width: 485px) 100vw, 485px\" \/><\/div><\/a>\n\t\t\t\t<div class=\"elementor-post__text\">\n\t\t\t\t<h3 class=\"elementor-post__title\">\n\t\t\t<a href=\"https:\/\/www.samhallssakerhet.se\/sv\/2026\/02\/26\/mot-spectrawatch-utstallare-2026\/\" >\n\t\t\t\tM\u00f6t SpectraWatch &#8211; experter inom dr\u00f6narbevakning\t\t\t<\/a>\n\t\t<\/h3>\n\t\t\t\t<div class=\"elementor-post__excerpt\">\n\t\t\t<p>Intervju med Matilda Olsson M\u00f6t SpectraWatch &#8211; experter inom dr\u00f6narbevakning Vi \u00e4r glada \u00f6ver att ha SpectraWatch som utst\u00e4llare p\u00e5 M\u00f6tesplats Samh\u00e4llss\u00e4kerhet 2026. SpectraWatch \u00e4r<\/p>\n\t\t<\/div>\n\t\t\n\t\t<a class=\"elementor-post__read-more\" href=\"https:\/\/www.samhallssakerhet.se\/sv\/2026\/02\/26\/mot-spectrawatch-utstallare-2026\/\" aria-label=\"Read more about M\u00f6t SpectraWatch &#8211; experter inom dr\u00f6narbevakning\" tabindex=\"-1\" >\n\t\t\tL\u00e4s mer \u00bb\t\t<\/a>\n\n\t\t\t\t<\/div>\n\t\t\t\t<div class=\"elementor-post__meta-data\">\n\t\t\t\t\t<span class=\"elementor-post-date\">\n\t\t\t26 februari, 2026\t\t<\/span>\n\t\t\t\t<\/div>\n\t\t\t\t\t<\/div>\n\t\t<\/article>\n\t\t\t\t<article class=\"elementor-post elementor-grid-item post-51558 post type-post status-publish format-standard has-post-thumbnail hentry category-okategoriserad\" role=\"listitem\">\n\t\t\t<div class=\"elementor-post__card\">\n\t\t\t\t<a class=\"elementor-post__thumbnail__link\" href=\"https:\/\/www.samhallssakerhet.se\/sv\/2026\/02\/23\/samarbetet-med-soff-fortsatter-2026\/\" tabindex=\"-1\" ><div class=\"elementor-post__thumbnail\"><img loading=\"lazy\" decoding=\"async\" width=\"485\" height=\"300\" src=\"https:\/\/easyfairsassets.com\/sites\/139\/2026\/02\/Blogg_Heta-SOFFan.png\" class=\"attachment-full size-full wp-image-51748\" alt=\"Lina Bonander\" srcset=\"https:\/\/easyfairsassets.com\/sites\/139\/2026\/02\/Blogg_Heta-SOFFan.png 485w, https:\/\/easyfairsassets.com\/sites\/139\/2026\/02\/Blogg_Heta-SOFFan-300x186.png 300w\" sizes=\"(max-width: 485px) 100vw, 485px\" \/><\/div><\/a>\n\t\t\t\t<div class=\"elementor-post__text\">\n\t\t\t\t<h3 class=\"elementor-post__title\">\n\t\t\t<a href=\"https:\/\/www.samhallssakerhet.se\/sv\/2026\/02\/23\/samarbetet-med-soff-fortsatter-2026\/\" >\n\t\t\t\tSamarbetet med SOFF forts\u00e4tter 2026\t\t\t<\/a>\n\t\t<\/h3>\n\t\t\t\t<div class=\"elementor-post__excerpt\">\n\t\t\t<p>Intervju med Lina Bonander Samarbetet med SOFF forts\u00e4tter 2026 Vi har haft n\u00f6jet att v\u00e4lkomna Lina Bonander, omr\u00e5desansvarig Samh\u00e4llss\u00e4kerhet, SOFF (S\u00e4kerhets- och f\u00f6rsvarsf\u00f6retagen) till Kistam\u00e4ssan<\/p>\n\t\t<\/div>\n\t\t\n\t\t<a class=\"elementor-post__read-more\" href=\"https:\/\/www.samhallssakerhet.se\/sv\/2026\/02\/23\/samarbetet-med-soff-fortsatter-2026\/\" aria-label=\"Read more about Samarbetet med SOFF forts\u00e4tter 2026\" tabindex=\"-1\" >\n\t\t\tL\u00e4s mer \u00bb\t\t<\/a>\n\n\t\t\t\t<\/div>\n\t\t\t\t<div class=\"elementor-post__meta-data\">\n\t\t\t\t\t<span class=\"elementor-post-date\">\n\t\t\t23 februari, 2026\t\t<\/span>\n\t\t\t\t<\/div>\n\t\t\t\t\t<\/div>\n\t\t<\/article>\n\t\t\t\t<article class=\"elementor-post elementor-grid-item post-50617 post type-post status-publish format-standard has-post-thumbnail hentry category-okategoriserad\" role=\"listitem\">\n\t\t\t<div class=\"elementor-post__card\">\n\t\t\t\t<a class=\"elementor-post__thumbnail__link\" href=\"https:\/\/www.samhallssakerhet.se\/sv\/2025\/11\/27\/skrs-programspar-2026\/\" tabindex=\"-1\" ><div class=\"elementor-post__thumbnail\"><img loading=\"lazy\" decoding=\"async\" width=\"1080\" height=\"628\" src=\"https:\/\/easyfairsassets.com\/sites\/139\/2025\/11\/SKR-spar-blogg.png\" class=\"attachment-full size-full wp-image-50620\" alt=\"Michaela Stenman p\u00e5 scen\" srcset=\"https:\/\/easyfairsassets.com\/sites\/139\/2025\/11\/SKR-spar-blogg.png 1080w, https:\/\/easyfairsassets.com\/sites\/139\/2025\/11\/SKR-spar-blogg-300x174.png 300w, https:\/\/easyfairsassets.com\/sites\/139\/2025\/11\/SKR-spar-blogg-1024x595.png 1024w, https:\/\/easyfairsassets.com\/sites\/139\/2025\/11\/SKR-spar-blogg-768x447.png 768w\" sizes=\"(max-width: 1080px) 100vw, 1080px\" \/><\/div><\/a>\n\t\t\t\t<div class=\"elementor-post__text\">\n\t\t\t\t<h3 class=\"elementor-post__title\">\n\t\t\t<a href=\"https:\/\/www.samhallssakerhet.se\/sv\/2025\/11\/27\/skrs-programspar-2026\/\" >\n\t\t\t\tSKR:s programsp\u00e5r 2026\t\t\t<\/a>\n\t\t<\/h3>\n\t\t\t\t<div class=\"elementor-post__excerpt\">\n\t\t\t<p>SKR:s programsp\u00e5r D\u00e4r allt \u00e4ger rum &#8211; i kommun och region N\u00e4r krisen kommer \u00e4r det i kommuner och regioner som samh\u00e4llets motst\u00e5ndskraft s\u00e4tts p\u00e5<\/p>\n\t\t<\/div>\n\t\t\n\t\t<a class=\"elementor-post__read-more\" href=\"https:\/\/www.samhallssakerhet.se\/sv\/2025\/11\/27\/skrs-programspar-2026\/\" aria-label=\"Read more about SKR:s programsp\u00e5r 2026\" tabindex=\"-1\" >\n\t\t\tL\u00e4s mer \u00bb\t\t<\/a>\n\n\t\t\t\t<\/div>\n\t\t\t\t<div class=\"elementor-post__meta-data\">\n\t\t\t\t\t<span class=\"elementor-post-date\">\n\t\t\t27 november, 2025\t\t<\/span>\n\t\t\t\t<\/div>\n\t\t\t\t\t<\/div>\n\t\t<\/article>\n\t\t\t\t<\/div>\n\t\t\n\t\t\t\t<div class=\"e-load-more-anchor\" data-page=\"1\" data-max-page=\"12\" data-next-page=\"https:\/\/www.samhallssakerhet.se\/sv\/wp-json\/wp\/v2\/pages\/3812\/page\/2\/\"><\/div>\n\t\t\t\t<nav class=\"elementor-pagination\" aria-label=\"Pagination\">\n\t\t\t<span aria-current=\"page\" class=\"page-numbers current\"><span class=\"elementor-screen-only\">Page<\/span>1<\/span>\n<a class=\"page-numbers\" href=\"https:\/\/www.samhallssakerhet.se\/sv\/wp-json\/wp\/v2\/pages\/3812\/page\/2\/\"><span class=\"elementor-screen-only\">Page<\/span>2<\/a>\n<a class=\"page-numbers\" href=\"https:\/\/www.samhallssakerhet.se\/sv\/wp-json\/wp\/v2\/pages\/3812\/page\/3\/\"><span class=\"elementor-screen-only\">Page<\/span>3<\/a>\n<a class=\"page-numbers\" href=\"https:\/\/www.samhallssakerhet.se\/sv\/wp-json\/wp\/v2\/pages\/3812\/page\/4\/\"><span class=\"elementor-screen-only\">Page<\/span>4<\/a>\n<a class=\"page-numbers\" href=\"https:\/\/www.samhallssakerhet.se\/sv\/wp-json\/wp\/v2\/pages\/3812\/page\/5\/\"><span class=\"elementor-screen-only\">Page<\/span>5<\/a>\t\t<\/nav>\n\t\t\t\t\t\t<\/div>\n\t\t\t\t<\/div>\n\t\t\t\t\t<\/div>\n\t\t<\/div>\n\t\t\t\t\t<\/div>\n\t\t<\/section>\n\t\t\t\t<\/div>\n\t\t","protected":false},"excerpt":{"rendered":"<p>Nyheter Se de senaste nyheterna fr\u00e5n M\u00f6tesplats Samh\u00e4llss\u00e4kerhet nedan.<\/p>\n","protected":false},"author":194,"featured_media":0,"parent":0,"menu_order":0,"comment_status":"closed","ping_status":"closed","template":"","meta":{"_seopress_robots_primary_cat":"","_seopress_titles_title":"Nyheter | M\u00f6tesplats Samh\u00e4llss\u00e4kerhet","_seopress_titles_desc":"Partners, ambassad\u00f6rer och talare p\u00e5 M\u00f6tesplats Samh\u00e4llss\u00e4kerhet har h\u00e4r m\u00f6jlighet att dela med sig av nyttig information och inspiration.","_seopress_robots_index":"","footnotes":""},"class_list":["post-3812","page","type-page","status-publish","hentry"],"_links":{"self":[{"href":"https:\/\/www.samhallssakerhet.se\/sv\/wp-json\/wp\/v2\/pages\/3812","targetHints":{"allow":["GET"]}}],"collection":[{"href":"https:\/\/www.samhallssakerhet.se\/sv\/wp-json\/wp\/v2\/pages"}],"about":[{"href":"https:\/\/www.samhallssakerhet.se\/sv\/wp-json\/wp\/v2\/types\/page"}],"author":[{"embeddable":true,"href":"https:\/\/www.samhallssakerhet.se\/sv\/wp-json\/wp\/v2\/users\/194"}],"replies":[{"embeddable":true,"href":"https:\/\/www.samhallssakerhet.se\/sv\/wp-json\/wp\/v2\/comments?post=3812"}],"version-history":[{"count":5,"href":"https:\/\/www.samhallssakerhet.se\/sv\/wp-json\/wp\/v2\/pages\/3812\/revisions"}],"predecessor-version":[{"id":49907,"href":"https:\/\/www.samhallssakerhet.se\/sv\/wp-json\/wp\/v2\/pages\/3812\/revisions\/49907"}],"wp:attachment":[{"href":"https:\/\/www.samhallssakerhet.se\/sv\/wp-json\/wp\/v2\/media?parent=3812"}],"curies":[{"name":"wp","href":"https:\/\/api.w.org\/{rel}","templated":true}]}}